{"id":773,"date":"2025-01-23T01:56:06","date_gmt":"2025-01-23T01:56:06","guid":{"rendered":"https:\/\/www.teiskonen.com\/tuote\/parkkola-saturday-august-2\/"},"modified":"2026-02-25T14:33:28","modified_gmt":"2026-02-25T12:33:28","slug":"saturday-august-1","status":"publish","type":"product","link":"https:\/\/www.teiskonen.com\/en\/tuote\/saturday-august-1\/","title":{"rendered":"Parkkola Forest VIP, August 1"},"content":{"rendered":"<div class=\"wpb-content-wrapper\">[mk_page_section min_height=&#8221;45&#8243; section_id=&#8221;aikataulu&#8221; sidebar=&#8221;sidebar-1&#8243;][vc_column][mk_padding_divider size=&#8221;60&#8243;][vc_column_text css=&#8221;.vc_custom_1765450523941{margin-bottom: 0px !important;}&#8221;]\n<h3>SCHEDULE, Saturday, August 1<\/h3>\n[\/vc_column_text][mk_padding_divider size=&#8221;15&#8243;][\/vc_column][\/mk_page_section][vc_row][vc_column width=&#8221;1\/4&#8243;][vc_column_text css=&#8221;.vc_custom_1753341839918{margin-bottom: 0px !important;}&#8221;]<b>VIP WHOLE DAY<\/b><\/p>\n<table class=\"aikataulu\">\n<tbody>\n<tr>\n<td>6:30<\/td>\n<td>Departure from Jyv\u00e4skyl\u00e4 by bus<\/td>\n<\/tr>\n<tr>\n<td>7:15<\/td>\n<td>Arrival at the special stage<br \/>\nBreakfast<\/td>\n<\/tr>\n<tr>\n<td class=\"kopteritd\">7:30<\/td>\n<td class=\"kopteritd\">Helicopter flights depart from Jyv\u00e4skyl\u00e4<\/td>\n<\/tr>\n<tr>\n<td>8:01<\/td>\n<td>WRC cars on the stage<\/td>\n<\/tr>\n<tr>\n<td>11:00<\/td>\n<td>Vetomies competitors on the stage<\/td>\n<\/tr>\n<tr>\n<td>12:30<\/td>\n<td>Lunch<\/td>\n<\/tr>\n<tr>\n<td>15:01<\/td>\n<td>WRC cars on the stage<\/td>\n<\/tr>\n<tr>\n<td class=\"kopteritd\">17:00<\/td>\n<td class=\"kopteritd\">Helicopter flights to Jyv\u00e4skyl\u00e4<\/td>\n<\/tr>\n<tr>\n<td>17:15<\/td>\n<td>Buses to Jyv\u00e4skyl\u00e4<\/td>\n<\/tr>\n<tr>\n<td>18:15<\/td>\n<td>Back in Jyv\u00e4skyl\u00e4<\/td>\n<\/tr>\n<\/tbody>\n<\/table>\n[\/vc_column_text][\/vc_column][vc_column width=&#8221;1\/4&#8243;][vc_column_text css=&#8221;.vc_custom_1753334220601{margin-bottom: 0px !important;}&#8221;]<b>AFTERNOON VIP<\/b><\/p>\n<table class=\"aikataulu\">\n<tbody>\n<tr>\n<td>10:00<\/td>\n<td>Departure from Tampere by bus<\/td>\n<\/tr>\n<tr>\n<td>11:30<\/td>\n<td>Departure from Jyv\u00e4skyl\u00e4 by bus<\/td>\n<\/tr>\n<tr>\n<td>12:30<\/td>\n<td>Arrival at the special stage<\/td>\n<\/tr>\n<tr>\n<td class=\"kopteritd\">13:00<\/td>\n<td class=\"kopteritd\">Helicopter flights depart from Jyv\u00e4skyl\u00e4<br \/>\nLunch<\/td>\n<\/tr>\n<tr>\n<td>15:01<\/td>\n<td>WRC cars on the stage<\/td>\n<\/tr>\n<tr>\n<td class=\"kopteritd\">17:00<\/td>\n<td class=\"kopteritd\">Helicopter flights to Jyv\u00e4skyl\u00e4<\/td>\n<\/tr>\n<tr>\n<td>17:15<\/td>\n<td>Return to Jyv\u00e4skyl\u00e4 \/ Tampere by bus<\/td>\n<\/tr>\n<tr>\n<td>18:15<\/td>\n<td>Back in Jyv\u00e4skyl\u00e4<\/td>\n<\/tr>\n<tr>\n<td>20:30<\/td>\n<td>Back in Tampere<\/td>\n<\/tr>\n<\/tbody>\n<\/table>\n[\/vc_column_text][\/vc_column][vc_column width=&#8221;1\/4&#8243;][vc_column_text css=&#8221;.vc_custom_1737598068386{margin-bottom: 0px !important;}&#8221;]<b>OUTBOUND JOURNEY BY BOAT<\/b><\/p>\n<table class=\"aikataulu\">\n<tbody>\n<tr>\n<td>10:00<\/td>\n<td>Departure from the Jyv\u00e4skyl\u00e4 Harbor<br \/>\nCruise to K\u00e4rkistensalmi in Korpilahti<\/td>\n<\/tr>\n<tr>\n<td>13:00<\/td>\n<td>Arrival at the special stage<br \/>\nLunch<\/td>\n<\/tr>\n<tr>\n<td>15:01<\/td>\n<td>WRC cars on the stage<\/td>\n<\/tr>\n<tr>\n<td>17:15<\/td>\n<td>Return to Jyv\u00e4skyl\u00e4 by bus<\/td>\n<\/tr>\n<tr>\n<td>18:15<\/td>\n<td>Back in Jyv\u00e4skyl\u00e4<\/td>\n<\/tr>\n<\/tbody>\n<\/table>\n[\/vc_column_text][\/vc_column][vc_column width=&#8221;1\/4&#8243;][vc_column_text css=&#8221;.vc_custom_1737598255434{margin-bottom: 0px !important;}&#8221;]<b>RETURN JOURNEY BY BOAT<\/b><\/p>\n<table class=\"aikataulu\">\n<tbody>\n<tr>\n<td>11:30<\/td>\n<td>Departure from Jyv\u00e4skyl\u00e4 by bus<\/td>\n<\/tr>\n<tr>\n<td>12:30<\/td>\n<td>Arrival at the special stage<br \/>\nLunch<\/td>\n<\/tr>\n<tr>\n<td>15:01<\/td>\n<td>WRC cars on the stage<\/td>\n<\/tr>\n<tr>\n<td>17:15<\/td>\n<td>Transfer to the boat by bus<\/td>\n<\/tr>\n<tr>\n<td>18:00<\/td>\n<td>Cruise from K\u00e4rkistensalmi to Jyv\u00e4skyl\u00e4<\/td>\n<\/tr>\n<tr>\n<td>20:30<\/td>\n<td>Back in Jyv\u00e4skyl\u00e4<\/td>\n<\/tr>\n<\/tbody>\n<\/table>\n[\/vc_column_text][\/vc_column][\/vc_row][vc_row][vc_column width=&#8221;1\/4&#8243;][vc_column_text margin_bottom=&#8221;0&#8243; css=&#8221;.vc_custom_1772022468611{margin-bottom: 0px !important;}&#8221;]<b>VETOMIEHET RALLY AND AFTERNOON VIP<\/b><\/p>\n<table class=\"aikataulu\">\n<tbody>\n<tr>\n<td>9:00<\/td>\n<td>Departure from Jyv\u00e4skyl\u00e4 by bus<\/td>\n<\/tr>\n<tr>\n<td>9:45<\/td>\n<td>Arrival at the special stage<\/td>\n<\/tr>\n<tr>\n<td class=\"kopteritd\">10:30<\/td>\n<td class=\"kopteritd\">Vetomiehet competitors on stage<\/td>\n<\/tr>\n<tr>\n<td>12:00<\/td>\n<td>Lunch<\/td>\n<\/tr>\n<tr>\n<td class=\"kopteritd\">15:01<\/td>\n<td class=\"kopteritd\">WRC cars on stage<\/td>\n<\/tr>\n<tr>\n<td>17:00<\/td>\n<td>Return to Jyv\u00e4skyl\u00e4 by bus\/cruise<\/td>\n<\/tr>\n<\/tbody>\n<\/table>\n[\/vc_column_text][\/vc_column][vc_column width=&#8221;1\/4&#8243;][\/vc_column][vc_column width=&#8221;1\/4&#8243;][\/vc_column][vc_column width=&#8221;1\/4&#8243;][\/vc_column][\/vc_row]\n<\/div>","protected":false},"excerpt":{"rendered":"<p><em>The VIP packages include tickets to the special stage, transport by bus, seats in a dedicated bleacher section, food service including beverages, VIP area services, guide services on the buses, Teiskonen.com livestream, live TV broadcast.<\/em><\/p>\n<ul>\n<li>VIP Whole Day, Afternoon VIP, or Vetomiehet Rally and Afternoon VIP<\/li>\n<li>Boat cruise available for the afternoon VIP event for both directions (Vetomiehet: return only)<\/li>\n<li>Helicopter flights from Jyv\u00e4skyl\u00e4 and back (purchased separately)<\/li>\n<li>Bus transportation to the afternoon VIP event is also available from Tampere (excl. Vetomiehet)<\/li>\n<li>Take your VIP experience to the next level with the Premium Upgrade package.<br \/>\n<strong>Read more: <\/strong><a href=\"https:\/\/www.teiskonen.com\/en\/#tab-6625\"><strong>Premium Forest VIP<\/strong><\/a><\/li>\n<li><a href=\"#aikataulu\">Daily schedules can be found at the bottom of the page<\/a><\/li>\n<li>Prices from \u20ac320<\/li>\n<\/ul>\n","protected":false},"featured_media":617,"template":"","meta":[],"product_brand":[],"product_cat":[29],"product_tag":[],"class_list":{"0":"post-773","1":"product","2":"type-product","3":"status-publish","4":"has-post-thumbnail","6":"product_cat-general","8":"first","9":"instock","10":"virtual","11":"taxable","12":"purchasable","13":"product-type-simple"},"yoast_head":"<!-- This site is optimized with the Yoast SEO plugin v27.5 - https:\/\/yoast.com\/product\/yoast-seo-wordpress\/ -->\n<title>Parkkola Forest VIP, August 1 - Teiskonen VIP<\/title>\n<meta name=\"robots\" content=\"index, follow, max-snippet:-1, max-image-preview:large, max-video-preview:-1\" \/>\n<link rel=\"canonical\" href=\"https:\/\/www.teiskonen.com\/en\/tuote\/saturday-august-1\/\" \/>\n<meta property=\"og:locale\" content=\"en_US\" \/>\n<meta property=\"og:type\" content=\"article\" \/>\n<meta property=\"og:title\" content=\"Parkkola Forest VIP, August 1 - Teiskonen VIP\" \/>\n<meta property=\"og:description\" content=\"The VIP packages include tickets to the special stage, transport by bus, seats in a dedicated bleacher section, food service including beverages, VIP area services, guide services on the buses, Teiskonen.com livestream, live TV broadcast.   VIP Whole Day, Afternoon VIP, or Vetomiehet Rally and Afternoon VIP  Boat cruise available for the afternoon VIP event for both directions (Vetomiehet: return only)  Helicopter flights from Jyv\u00e4skyl\u00e4 and back (purchased separately)  Bus transportation to the afternoon VIP event is also available from Tampere (excl. Vetomiehet)  Take your VIP experience to the next level with the Premium Upgrade package. Read more: Premium Forest VIP  Daily schedules can be found at the bottom of the page  Prices from \u20ac320\" \/>\n<meta property=\"og:url\" content=\"https:\/\/www.teiskonen.com\/en\/tuote\/saturday-august-1\/\" \/>\n<meta property=\"og:site_name\" content=\"Teiskonen VIP\" \/>\n<meta property=\"article:modified_time\" content=\"2026-02-25T12:33:28+00:00\" \/>\n<meta property=\"og:image\" content=\"https:\/\/www.teiskonen.com\/wp-content\/uploads\/2025\/01\/teiskonen_vip_parkkola.jpg\" \/>\n\t<meta property=\"og:image:width\" content=\"800\" \/>\n\t<meta property=\"og:image:height\" content=\"500\" \/>\n\t<meta property=\"og:image:type\" content=\"image\/jpeg\" \/>\n<meta name=\"twitter:card\" content=\"summary_large_image\" \/>\n<meta name=\"twitter:label1\" content=\"Est. reading time\" \/>\n\t<meta name=\"twitter:data1\" content=\"2 minutes\" \/>\n<script type=\"application\/ld+json\" class=\"yoast-schema-graph\">{\"@context\":\"https:\\\/\\\/schema.org\",\"@graph\":[{\"@type\":\"WebPage\",\"@id\":\"https:\\\/\\\/www.teiskonen.com\\\/en\\\/tuote\\\/saturday-august-1\\\/\",\"url\":\"https:\\\/\\\/www.teiskonen.com\\\/en\\\/tuote\\\/saturday-august-1\\\/\",\"name\":\"Parkkola Forest VIP, August 1 - Teiskonen VIP\",\"isPartOf\":{\"@id\":\"https:\\\/\\\/www.teiskonen.com\\\/#website\"},\"primaryImageOfPage\":{\"@id\":\"https:\\\/\\\/www.teiskonen.com\\\/en\\\/tuote\\\/saturday-august-1\\\/#primaryimage\"},\"image\":{\"@id\":\"https:\\\/\\\/www.teiskonen.com\\\/en\\\/tuote\\\/saturday-august-1\\\/#primaryimage\"},\"thumbnailUrl\":\"https:\\\/\\\/www.teiskonen.com\\\/wp-content\\\/uploads\\\/2025\\\/01\\\/teiskonen_vip_parkkola.jpg\",\"datePublished\":\"2025-01-23T01:56:06+00:00\",\"dateModified\":\"2026-02-25T12:33:28+00:00\",\"breadcrumb\":{\"@id\":\"https:\\\/\\\/www.teiskonen.com\\\/en\\\/tuote\\\/saturday-august-1\\\/#breadcrumb\"},\"inLanguage\":\"en-US\",\"potentialAction\":[{\"@type\":\"ReadAction\",\"target\":[\"https:\\\/\\\/www.teiskonen.com\\\/en\\\/tuote\\\/saturday-august-1\\\/\"]}]},{\"@type\":\"ImageObject\",\"inLanguage\":\"en-US\",\"@id\":\"https:\\\/\\\/www.teiskonen.com\\\/en\\\/tuote\\\/saturday-august-1\\\/#primaryimage\",\"url\":\"https:\\\/\\\/www.teiskonen.com\\\/wp-content\\\/uploads\\\/2025\\\/01\\\/teiskonen_vip_parkkola.jpg\",\"contentUrl\":\"https:\\\/\\\/www.teiskonen.com\\\/wp-content\\\/uploads\\\/2025\\\/01\\\/teiskonen_vip_parkkola.jpg\",\"width\":800,\"height\":500},{\"@type\":\"BreadcrumbList\",\"@id\":\"https:\\\/\\\/www.teiskonen.com\\\/en\\\/tuote\\\/saturday-august-1\\\/#breadcrumb\",\"itemListElement\":[{\"@type\":\"ListItem\",\"position\":1,\"name\":\"Etusivu\",\"item\":\"https:\\\/\\\/www.teiskonen.com\\\/en\\\/\"},{\"@type\":\"ListItem\",\"position\":2,\"name\":\"Shop\",\"item\":\"https:\\\/\\\/www.teiskonen.com\\\/en\\\/shop\\\/\"},{\"@type\":\"ListItem\",\"position\":3,\"name\":\"Parkkola Forest VIP, August 1\"}]},{\"@type\":\"WebSite\",\"@id\":\"https:\\\/\\\/www.teiskonen.com\\\/#website\",\"url\":\"https:\\\/\\\/www.teiskonen.com\\\/\",\"name\":\"Teiskonen VIP\",\"description\":\"Maailman paras MM-ralli VIP\",\"potentialAction\":[{\"@type\":\"SearchAction\",\"target\":{\"@type\":\"EntryPoint\",\"urlTemplate\":\"https:\\\/\\\/www.teiskonen.com\\\/?s={search_term_string}\"},\"query-input\":{\"@type\":\"PropertyValueSpecification\",\"valueRequired\":true,\"valueName\":\"search_term_string\"}}],\"inLanguage\":\"en-US\"}]}<\/script>\n<!-- \/ Yoast SEO plugin. -->","yoast_head_json":{"title":"Parkkola Forest VIP, August 1 - Teiskonen VIP","robots":{"index":"index","follow":"follow","max-snippet":"max-snippet:-1","max-image-preview":"max-image-preview:large","max-video-preview":"max-video-preview:-1"},"canonical":"https:\/\/www.teiskonen.com\/en\/tuote\/saturday-august-1\/","og_locale":"en_US","og_type":"article","og_title":"Parkkola Forest VIP, August 1 - Teiskonen VIP","og_description":"The VIP packages include tickets to the special stage, transport by bus, seats in a dedicated bleacher section, food service including beverages, VIP area services, guide services on the buses, Teiskonen.com livestream, live TV broadcast.   VIP Whole Day, Afternoon VIP, or Vetomiehet Rally and Afternoon VIP  Boat cruise available for the afternoon VIP event for both directions (Vetomiehet: return only)  Helicopter flights from Jyv\u00e4skyl\u00e4 and back (purchased separately)  Bus transportation to the afternoon VIP event is also available from Tampere (excl. Vetomiehet)  Take your VIP experience to the next level with the Premium Upgrade package. Read more: Premium Forest VIP  Daily schedules can be found at the bottom of the page  Prices from \u20ac320","og_url":"https:\/\/www.teiskonen.com\/en\/tuote\/saturday-august-1\/","og_site_name":"Teiskonen VIP","article_modified_time":"2026-02-25T12:33:28+00:00","og_image":[{"width":800,"height":500,"url":"https:\/\/www.teiskonen.com\/wp-content\/uploads\/2025\/01\/teiskonen_vip_parkkola.jpg","type":"image\/jpeg"}],"twitter_card":"summary_large_image","twitter_misc":{"Est. reading time":"2 minutes"},"schema":{"@context":"https:\/\/schema.org","@graph":[{"@type":"WebPage","@id":"https:\/\/www.teiskonen.com\/en\/tuote\/saturday-august-1\/","url":"https:\/\/www.teiskonen.com\/en\/tuote\/saturday-august-1\/","name":"Parkkola Forest VIP, August 1 - Teiskonen VIP","isPartOf":{"@id":"https:\/\/www.teiskonen.com\/#website"},"primaryImageOfPage":{"@id":"https:\/\/www.teiskonen.com\/en\/tuote\/saturday-august-1\/#primaryimage"},"image":{"@id":"https:\/\/www.teiskonen.com\/en\/tuote\/saturday-august-1\/#primaryimage"},"thumbnailUrl":"https:\/\/www.teiskonen.com\/wp-content\/uploads\/2025\/01\/teiskonen_vip_parkkola.jpg","datePublished":"2025-01-23T01:56:06+00:00","dateModified":"2026-02-25T12:33:28+00:00","breadcrumb":{"@id":"https:\/\/www.teiskonen.com\/en\/tuote\/saturday-august-1\/#breadcrumb"},"inLanguage":"en-US","potentialAction":[{"@type":"ReadAction","target":["https:\/\/www.teiskonen.com\/en\/tuote\/saturday-august-1\/"]}]},{"@type":"ImageObject","inLanguage":"en-US","@id":"https:\/\/www.teiskonen.com\/en\/tuote\/saturday-august-1\/#primaryimage","url":"https:\/\/www.teiskonen.com\/wp-content\/uploads\/2025\/01\/teiskonen_vip_parkkola.jpg","contentUrl":"https:\/\/www.teiskonen.com\/wp-content\/uploads\/2025\/01\/teiskonen_vip_parkkola.jpg","width":800,"height":500},{"@type":"BreadcrumbList","@id":"https:\/\/www.teiskonen.com\/en\/tuote\/saturday-august-1\/#breadcrumb","itemListElement":[{"@type":"ListItem","position":1,"name":"Etusivu","item":"https:\/\/www.teiskonen.com\/en\/"},{"@type":"ListItem","position":2,"name":"Shop","item":"https:\/\/www.teiskonen.com\/en\/shop\/"},{"@type":"ListItem","position":3,"name":"Parkkola Forest VIP, August 1"}]},{"@type":"WebSite","@id":"https:\/\/www.teiskonen.com\/#website","url":"https:\/\/www.teiskonen.com\/","name":"Teiskonen VIP","description":"Maailman paras MM-ralli VIP","potentialAction":[{"@type":"SearchAction","target":{"@type":"EntryPoint","urlTemplate":"https:\/\/www.teiskonen.com\/?s={search_term_string}"},"query-input":{"@type":"PropertyValueSpecification","valueRequired":true,"valueName":"search_term_string"}}],"inLanguage":"en-US"}]}},"_links":{"self":[{"href":"https:\/\/www.teiskonen.com\/en\/wp-json\/wp\/v2\/product\/773","targetHints":{"allow":["GET"]}}],"collection":[{"href":"https:\/\/www.teiskonen.com\/en\/wp-json\/wp\/v2\/product"}],"about":[{"href":"https:\/\/www.teiskonen.com\/en\/wp-json\/wp\/v2\/types\/product"}],"wp:featuredmedia":[{"embeddable":true,"href":"https:\/\/www.teiskonen.com\/en\/wp-json\/wp\/v2\/media\/617"}],"wp:attachment":[{"href":"https:\/\/www.teiskonen.com\/en\/wp-json\/wp\/v2\/media?parent=773"}],"wp:term":[{"taxonomy":"product_brand","embeddable":true,"href":"https:\/\/www.teiskonen.com\/en\/wp-json\/wp\/v2\/product_brand?post=773"},{"taxonomy":"product_cat","embeddable":true,"href":"https:\/\/www.teiskonen.com\/en\/wp-json\/wp\/v2\/product_cat?post=773"},{"taxonomy":"product_tag","embeddable":true,"href":"https:\/\/www.teiskonen.com\/en\/wp-json\/wp\/v2\/product_tag?post=773"}],"curies":[{"name":"wp","href":"https:\/\/api.w.org\/{rel}","templated":true}]}}