{"id":769,"date":"2025-01-23T12:43:49","date_gmt":"2025-01-23T10:43:49","guid":{"rendered":"https:\/\/www.teiskonen.com\/tuote\/2-ss-helicopter-vip-sun-august-3\/"},"modified":"2025-12-11T13:04:39","modified_gmt":"2025-12-11T11:04:39","slug":"2-ss-helicopter-vip-sun-august-2","status":"publish","type":"product","link":"https:\/\/www.teiskonen.com\/en\/tuote\/2-ss-helicopter-vip-sun-august-2\/","title":{"rendered":"2 SS Helicopter VIP Sun, August 2"},"content":{"rendered":"","protected":false},"excerpt":{"rendered":"<p>The Sunday 2 SS package includes tickets to Special Stages 19 and 20 (Powerstage).<br \/>\nPRICE: <b>\u20ac900 + VAT per person<\/b><\/p>\n<p><b>SCHEDULE<\/b><\/p>\n<table class=\"aikataulu\">\n<tbody>\n<tr>\n<td>9:00<\/td>\n<td>Departure from Jyv\u00e4skyl\u00e4<\/td>\n<\/tr>\n<tr>\n<td>10:35<\/td>\n<td>SS 19<\/td>\n<\/tr>\n<tr>\n<td>13:15<\/td>\n<td>SS 20 &#8211; Powerstage<\/td>\n<\/tr>\n<tr>\n<td>14:00<\/td>\n<td>Flight back to Jyv\u00e4skyl\u00e4<\/td>\n<\/tr>\n<\/tbody>\n<\/table>\n","protected":false},"featured_media":622,"template":"","meta":[],"product_brand":[],"product_cat":[31],"product_tag":[],"class_list":{"0":"post-769","1":"product","2":"type-product","3":"status-publish","4":"has-post-thumbnail","6":"product_cat-vip-helicopter","8":"first","9":"instock","10":"virtual","11":"taxable","12":"purchasable","13":"product-type-simple"},"yoast_head":"<!-- This site is optimized with the Yoast SEO plugin v27.5 - https:\/\/yoast.com\/product\/yoast-seo-wordpress\/ -->\n<title>2 SS Helicopter VIP Sun, August 2 - Teiskonen VIP<\/title>\n<meta name=\"robots\" content=\"index, follow, max-snippet:-1, max-image-preview:large, max-video-preview:-1\" \/>\n<link rel=\"canonical\" href=\"https:\/\/www.teiskonen.com\/en\/tuote\/2-ss-helicopter-vip-sun-august-2\/\" \/>\n<meta property=\"og:locale\" content=\"en_US\" \/>\n<meta property=\"og:type\" content=\"article\" \/>\n<meta property=\"og:title\" content=\"2 SS Helicopter VIP Sun, August 2 - Teiskonen VIP\" \/>\n<meta property=\"og:description\" content=\"The Sunday 2 SS package includes tickets to Special Stages 19 and 20 (Powerstage). PRICE: \u20ac900 + VAT per person  SCHEDULE    9:00 Departure from Jyv\u00e4skyl\u00e4   10:35 SS 19   13:15 SS 20 - Powerstage   14:00 Flight back to Jyv\u00e4skyl\u00e4\" \/>\n<meta property=\"og:url\" content=\"https:\/\/www.teiskonen.com\/en\/tuote\/2-ss-helicopter-vip-sun-august-2\/\" \/>\n<meta property=\"og:site_name\" content=\"Teiskonen VIP\" \/>\n<meta property=\"article:modified_time\" content=\"2025-12-11T11:04:39+00:00\" \/>\n<meta property=\"og:image\" content=\"https:\/\/www.teiskonen.com\/wp-content\/uploads\/2025\/01\/teiskonen_vip_2ek_su_helikopteri.jpg\" \/>\n\t<meta property=\"og:image:width\" content=\"800\" \/>\n\t<meta property=\"og:image:height\" content=\"500\" \/>\n\t<meta property=\"og:image:type\" content=\"image\/jpeg\" \/>\n<meta name=\"twitter:card\" content=\"summary_large_image\" \/>\n<meta name=\"twitter:label1\" content=\"Est. reading time\" \/>\n\t<meta name=\"twitter:data1\" content=\"1 minute\" \/>\n<script type=\"application\/ld+json\" class=\"yoast-schema-graph\">{\"@context\":\"https:\\\/\\\/schema.org\",\"@graph\":[{\"@type\":\"WebPage\",\"@id\":\"https:\\\/\\\/www.teiskonen.com\\\/en\\\/tuote\\\/2-ss-helicopter-vip-sun-august-2\\\/\",\"url\":\"https:\\\/\\\/www.teiskonen.com\\\/en\\\/tuote\\\/2-ss-helicopter-vip-sun-august-2\\\/\",\"name\":\"2 SS Helicopter VIP Sun, August 2 - Teiskonen VIP\",\"isPartOf\":{\"@id\":\"https:\\\/\\\/www.teiskonen.com\\\/#website\"},\"primaryImageOfPage\":{\"@id\":\"https:\\\/\\\/www.teiskonen.com\\\/en\\\/tuote\\\/2-ss-helicopter-vip-sun-august-2\\\/#primaryimage\"},\"image\":{\"@id\":\"https:\\\/\\\/www.teiskonen.com\\\/en\\\/tuote\\\/2-ss-helicopter-vip-sun-august-2\\\/#primaryimage\"},\"thumbnailUrl\":\"https:\\\/\\\/www.teiskonen.com\\\/wp-content\\\/uploads\\\/2025\\\/01\\\/teiskonen_vip_2ek_su_helikopteri.jpg\",\"datePublished\":\"2025-01-23T10:43:49+00:00\",\"dateModified\":\"2025-12-11T11:04:39+00:00\",\"breadcrumb\":{\"@id\":\"https:\\\/\\\/www.teiskonen.com\\\/en\\\/tuote\\\/2-ss-helicopter-vip-sun-august-2\\\/#breadcrumb\"},\"inLanguage\":\"en-US\",\"potentialAction\":[{\"@type\":\"ReadAction\",\"target\":[\"https:\\\/\\\/www.teiskonen.com\\\/en\\\/tuote\\\/2-ss-helicopter-vip-sun-august-2\\\/\"]}]},{\"@type\":\"ImageObject\",\"inLanguage\":\"en-US\",\"@id\":\"https:\\\/\\\/www.teiskonen.com\\\/en\\\/tuote\\\/2-ss-helicopter-vip-sun-august-2\\\/#primaryimage\",\"url\":\"https:\\\/\\\/www.teiskonen.com\\\/wp-content\\\/uploads\\\/2025\\\/01\\\/teiskonen_vip_2ek_su_helikopteri.jpg\",\"contentUrl\":\"https:\\\/\\\/www.teiskonen.com\\\/wp-content\\\/uploads\\\/2025\\\/01\\\/teiskonen_vip_2ek_su_helikopteri.jpg\",\"width\":800,\"height\":500},{\"@type\":\"BreadcrumbList\",\"@id\":\"https:\\\/\\\/www.teiskonen.com\\\/en\\\/tuote\\\/2-ss-helicopter-vip-sun-august-2\\\/#breadcrumb\",\"itemListElement\":[{\"@type\":\"ListItem\",\"position\":1,\"name\":\"Etusivu\",\"item\":\"https:\\\/\\\/www.teiskonen.com\\\/en\\\/\"},{\"@type\":\"ListItem\",\"position\":2,\"name\":\"Shop\",\"item\":\"https:\\\/\\\/www.teiskonen.com\\\/en\\\/shop\\\/\"},{\"@type\":\"ListItem\",\"position\":3,\"name\":\"2 SS Helicopter VIP Sun, August 2\"}]},{\"@type\":\"WebSite\",\"@id\":\"https:\\\/\\\/www.teiskonen.com\\\/#website\",\"url\":\"https:\\\/\\\/www.teiskonen.com\\\/\",\"name\":\"Teiskonen VIP\",\"description\":\"Maailman paras MM-ralli VIP\",\"potentialAction\":[{\"@type\":\"SearchAction\",\"target\":{\"@type\":\"EntryPoint\",\"urlTemplate\":\"https:\\\/\\\/www.teiskonen.com\\\/?s={search_term_string}\"},\"query-input\":{\"@type\":\"PropertyValueSpecification\",\"valueRequired\":true,\"valueName\":\"search_term_string\"}}],\"inLanguage\":\"en-US\"}]}<\/script>\n<!-- \/ Yoast SEO plugin. -->","yoast_head_json":{"title":"2 SS Helicopter VIP Sun, August 2 - Teiskonen VIP","robots":{"index":"index","follow":"follow","max-snippet":"max-snippet:-1","max-image-preview":"max-image-preview:large","max-video-preview":"max-video-preview:-1"},"canonical":"https:\/\/www.teiskonen.com\/en\/tuote\/2-ss-helicopter-vip-sun-august-2\/","og_locale":"en_US","og_type":"article","og_title":"2 SS Helicopter VIP Sun, August 2 - Teiskonen VIP","og_description":"The Sunday 2 SS package includes tickets to Special Stages 19 and 20 (Powerstage). PRICE: \u20ac900 + VAT per person  SCHEDULE    9:00 Departure from Jyv\u00e4skyl\u00e4   10:35 SS 19   13:15 SS 20 - Powerstage   14:00 Flight back to Jyv\u00e4skyl\u00e4","og_url":"https:\/\/www.teiskonen.com\/en\/tuote\/2-ss-helicopter-vip-sun-august-2\/","og_site_name":"Teiskonen VIP","article_modified_time":"2025-12-11T11:04:39+00:00","og_image":[{"width":800,"height":500,"url":"https:\/\/www.teiskonen.com\/wp-content\/uploads\/2025\/01\/teiskonen_vip_2ek_su_helikopteri.jpg","type":"image\/jpeg"}],"twitter_card":"summary_large_image","twitter_misc":{"Est. reading time":"1 minute"},"schema":{"@context":"https:\/\/schema.org","@graph":[{"@type":"WebPage","@id":"https:\/\/www.teiskonen.com\/en\/tuote\/2-ss-helicopter-vip-sun-august-2\/","url":"https:\/\/www.teiskonen.com\/en\/tuote\/2-ss-helicopter-vip-sun-august-2\/","name":"2 SS Helicopter VIP Sun, August 2 - Teiskonen VIP","isPartOf":{"@id":"https:\/\/www.teiskonen.com\/#website"},"primaryImageOfPage":{"@id":"https:\/\/www.teiskonen.com\/en\/tuote\/2-ss-helicopter-vip-sun-august-2\/#primaryimage"},"image":{"@id":"https:\/\/www.teiskonen.com\/en\/tuote\/2-ss-helicopter-vip-sun-august-2\/#primaryimage"},"thumbnailUrl":"https:\/\/www.teiskonen.com\/wp-content\/uploads\/2025\/01\/teiskonen_vip_2ek_su_helikopteri.jpg","datePublished":"2025-01-23T10:43:49+00:00","dateModified":"2025-12-11T11:04:39+00:00","breadcrumb":{"@id":"https:\/\/www.teiskonen.com\/en\/tuote\/2-ss-helicopter-vip-sun-august-2\/#breadcrumb"},"inLanguage":"en-US","potentialAction":[{"@type":"ReadAction","target":["https:\/\/www.teiskonen.com\/en\/tuote\/2-ss-helicopter-vip-sun-august-2\/"]}]},{"@type":"ImageObject","inLanguage":"en-US","@id":"https:\/\/www.teiskonen.com\/en\/tuote\/2-ss-helicopter-vip-sun-august-2\/#primaryimage","url":"https:\/\/www.teiskonen.com\/wp-content\/uploads\/2025\/01\/teiskonen_vip_2ek_su_helikopteri.jpg","contentUrl":"https:\/\/www.teiskonen.com\/wp-content\/uploads\/2025\/01\/teiskonen_vip_2ek_su_helikopteri.jpg","width":800,"height":500},{"@type":"BreadcrumbList","@id":"https:\/\/www.teiskonen.com\/en\/tuote\/2-ss-helicopter-vip-sun-august-2\/#breadcrumb","itemListElement":[{"@type":"ListItem","position":1,"name":"Etusivu","item":"https:\/\/www.teiskonen.com\/en\/"},{"@type":"ListItem","position":2,"name":"Shop","item":"https:\/\/www.teiskonen.com\/en\/shop\/"},{"@type":"ListItem","position":3,"name":"2 SS Helicopter VIP Sun, August 2"}]},{"@type":"WebSite","@id":"https:\/\/www.teiskonen.com\/#website","url":"https:\/\/www.teiskonen.com\/","name":"Teiskonen VIP","description":"Maailman paras MM-ralli VIP","potentialAction":[{"@type":"SearchAction","target":{"@type":"EntryPoint","urlTemplate":"https:\/\/www.teiskonen.com\/?s={search_term_string}"},"query-input":{"@type":"PropertyValueSpecification","valueRequired":true,"valueName":"search_term_string"}}],"inLanguage":"en-US"}]}},"_links":{"self":[{"href":"https:\/\/www.teiskonen.com\/en\/wp-json\/wp\/v2\/product\/769","targetHints":{"allow":["GET"]}}],"collection":[{"href":"https:\/\/www.teiskonen.com\/en\/wp-json\/wp\/v2\/product"}],"about":[{"href":"https:\/\/www.teiskonen.com\/en\/wp-json\/wp\/v2\/types\/product"}],"wp:featuredmedia":[{"embeddable":true,"href":"https:\/\/www.teiskonen.com\/en\/wp-json\/wp\/v2\/media\/622"}],"wp:attachment":[{"href":"https:\/\/www.teiskonen.com\/en\/wp-json\/wp\/v2\/media?parent=769"}],"wp:term":[{"taxonomy":"product_brand","embeddable":true,"href":"https:\/\/www.teiskonen.com\/en\/wp-json\/wp\/v2\/product_brand?post=769"},{"taxonomy":"product_cat","embeddable":true,"href":"https:\/\/www.teiskonen.com\/en\/wp-json\/wp\/v2\/product_cat?post=769"},{"taxonomy":"product_tag","embeddable":true,"href":"https:\/\/www.teiskonen.com\/en\/wp-json\/wp\/v2\/product_tag?post=769"}],"curies":[{"name":"wp","href":"https:\/\/api.w.org\/{rel}","templated":true}]}}