{"id":684,"date":"2025-01-27T13:27:55","date_gmt":"2025-01-27T11:27:55","guid":{"rendered":"https:\/\/www.teiskonen.com\/faq\/"},"modified":"2025-02-21T09:48:04","modified_gmt":"2025-02-21T07:48:04","slug":"faq","status":"publish","type":"page","link":"https:\/\/www.teiskonen.com\/en\/faq\/","title":{"rendered":"FAQ"},"content":{"rendered":"<div class=\"wpb-content-wrapper\">[vc_row fullwidth=&#8221;true&#8221;][vc_column]\n\t\t\t\t<p class=\"rs-p-wp-fix\"><\/p>\n\t\t\t\t<sr7-module data-alias=\"faq-slider\" data-id=\"18\" id=\"SR7_18_1\" class=\"rs-ov-hidden\" data-version=\"6.7.54\">\n\t\t\t\t\t<sr7-adjuster><\/sr7-adjuster>\n\t\t\t\t\t<sr7-content>\n\t\t\t\t\t\t<sr7-slide id=\"SR7_18_1-55\" data-key=\"55\">\n\t\t\t\t\t\t<\/sr7-slide>\n\t\t\t\t\t\t<sr7-slide id=\"SR7_18_1-56\" data-key=\"56\">\n\t\t\t\t\t\t<\/sr7-slide>\n\t\t\t\t\t<\/sr7-content>\n\t\t\t\t\t<image_lists style=\"display:none\">\n\t\t\t\t\t\t<img data-src=\"\/\/www.teiskonen.com\/wp-content\/uploads\/2026\/02\/teiskonen_harju_ruokailu.jpg\" data-libid=\"1609\" data-lib=\"medialibrary\" title=\"teiskonen_harju_ruokailu\" width=\"0\" height=\"0\" data-dbsrc=\"Ly93d3cudGVpc2tvbmVuLmNvbS93cC1jb250ZW50L3VwbG9hZHMvMjAyNi8wMi90ZWlza29uZW5faGFyanVfcnVva2FpbHUuanBn\"\/>\n\t\t\t\t\t\t<img data-src=\"\/\/www.teiskonen.com\/wp-content\/uploads\/2026\/02\/teiskonen_laukaa_katsomo.jpg\" data-libid=\"1633\" data-lib=\"medialibrary\" title=\"teiskonen_laukaa_katsomo\" width=\"0\" height=\"0\" data-dbsrc=\"Ly93d3cudGVpc2tvbmVuLmNvbS93cC1jb250ZW50L3VwbG9hZHMvMjAyNi8wMi90ZWlza29uZW5fbGF1a2FhX2thdHNvbW8uanBn\"\/>\n\t\t\t\t\t<\/image_lists>\n\t\t\t\t<\/sr7-module>\n\t\t\t\t<script>\n\t\t\t\t\twindow.SR7 ??={};SR7.PMH ??={}; SR7.PMH[\"SR7_18_1\"] = {cn:100,state:false,fn: function() { if (window._tpt!==undefined && window._tpt.prepareModuleHeight !== undefined) {  _tpt.prepareModuleHeight({id:\"SR7_18_1\",el:[550,550,550,550,318],type:'standard',shdw:'0',gh:[550,550,550,550,318],gw:[1100,1100,1100,1100,480],vpt:['-100px&#039;,&#039;-100px&#039;,&#039;-100px&#039;,&#039;-100px&#039;,&#039;-100px'],size:{fullWidth:true, fullHeight:false},mh:'0',onh:0,onw:0,bg:{color:'{\"orig\":\"transparent\",\"type\":\"solid\",\"string\":\"transparent\"}'}});   SR7.PMH[\"SR7_18_1\"].state=true;} else if(SR7.PMH[\"SR7_18_1\"].cn-->0)\tsetTimeout( SR7.PMH[\"SR7_18_1\"].fn,19);}};SR7.PMH[\"SR7_18_1\" ].fn();\n\t\t\t\t<\/script>\n[\/vc_column][\/vc_row][vc_row][vc_column][mk_padding_divider size=&#8221;25&#8243; visibility=&#8221;visible-sm&#8221;][vc_column_text css=&#8221;.vc_custom_1738564424033{margin-bottom: 0px !important;}&#8221;]\n<h1>FAQ<\/h1>\n[\/vc_column_text][vc_column_text css=&#8221;.vc_custom_1740123706248{margin-bottom: 0px !important;}&#8221;]\n<h2>VIP ticket package<\/h2>\n[\/vc_column_text][vc_toggle title=&#8221;What does the VIP package include?&#8221; css=&#8221;&#8221;]<em>Each Forest VIP package includes a ticket, transport to the special stage, a seat in the bleacher section, food and beverages, Teiskonen.com live stream, and live TV coverage from the rally. There are also many side activities available in the VIP area each year, such as admiring the view from a crane, car exhibitions, and all kinds of fun things to see and do, provided by our partners.<\/em><\/p>\n<p><em>NB! The Harju VIP packages are organized by AKK Sports Oy, and you can find out more about their contents <strong><a href=\"https:\/\/www.teiskonen.com\/en\/tuote\/harju-city-vip-thursday-july-31-and-friday-august-1\/\">t\u00e4\u00e4ll\u00e4<\/a><\/strong>.<\/em><\/p>\n[\/vc_toggle][mk_padding_divider size=&#8221;30&#8243;][vc_column_text css=&#8221;.vc_custom_1740123740342{margin-bottom: 0px !important;}&#8221;]\n<h2>On the event day<\/h2>\n[\/vc_column_text][vc_toggle title=&#8221;Is the event accessible?&#8221; css=&#8221;&#8221;]<em>The Harju VIP event will be held in the courtyard of Gradia\u2019s Harju Campus, which is asphalted.<\/em><\/p>\n<p><em>The Laukaa and Parkkola events will take place off-road, along the rally route, which is not accessible. The terrain in the VIP area and the marquee floors are mainly grass. Weather conditions significantly affect the softness of the grass.<\/em><\/p>\n<p><em>Dining will take place at long tables. There are long benches without backrests on both sides of the table. There is space for a wheelchair, for example, at the end of the table. We are happy to reserve optimal seats in advance for those using assistive devices.<\/em><\/p>\n<p><em>The toilet facilities are regular portable toilets, and the paths leading to them are covered with asphalt in Harju and with grass or forest floor on the off-road tracks. Our staff is happy to provide assistance in traversing the route if needed.<\/em><\/p>\n<p><em>Bus transportation to and from the event location is organized by a professional transport operator, meaning that they are responsible for the safety and needs of passengers during the journey.<\/em><\/p>\n<p><em>If you have any questions related to the practical arrangements, please contact us and we will work together to organize everything in a safe and easy way.<\/em>[\/vc_toggle][vc_toggle title=&#8221;What does the Teiskonen VIP area contain?&#8221; css=&#8221;&#8221;]<em>Time really flies in the VIP area, as there are all kinds of things to see and do. You can watch the rally from the best seats, and the race is also broadcast live on big screens. There are also many side activities available in the VIP area each year, such as admiring the view from a crane, car exhibitions, and all kinds of fun things to see and do, provided by our partners. Guests do not need to go hungry, as a generous buffet is also included in the VIP package.<\/em>[\/vc_toggle][vc_toggle title=&#8221;How do I dress for the event?&#8221; css=&#8221;&#8221;]<em>You should dress according to the weather for the event. Also remember to wear shoes that are good for walking on grass. There are marquees at the venue, but no actual indoor facilities. There is no dress code for the event, so you can dress according to your mood and the weather.<\/em><\/p>\n[\/vc_toggle][vc_toggle title=&#8221;What should I bring with me?&#8221; css=&#8221;&#8221;]<em>Bring weather-appropriate clothing and shoes suitable for walking on grass, as well as any essentials you may need during the day (medicine, childcare supplies, etc.). In addition to these, all you need is a cheerful attitude \u2013 we will take care of everything else. Please note that bringing your own alcoholic beverages into the area is prohibited.<\/em>[\/vc_toggle][vc_toggle title=&#8221;Can I bring an umbrella with me? How about my own food, drinks or pets?&#8221; css=&#8221;&#8221;]<em>If it happens to rain, a raincoat is a good idea. Umbrellas are not allowed in the event area, as they block the view of others and may be a safety risk in tight spaces.<\/em><\/p>\n<p><em>The entire VIP area is a licensed serving area, which means that you cannot take your own alcoholic beverages with you. Alcohol is served and sold at the event.<\/em><\/p>\n<p><em>You may of course bring your own soft drinks and snacks to the event, but these will be generously served to all guests as well.<\/em><\/p>\n<p><em>The VIP event is not suitable for pets, so we ask that you leave your furry members of the family at home or ask someone to take care of them for the duration of the event.<\/em>[\/vc_toggle][vc_toggle title=&#8221;I have a special diet, how can I get food that suits my diet?&#8221; css=&#8221;&#8221;]<em>We have taken gluten-free, lactose-free and dairy-free diets into account in our catering. Please notify us of any other special diets in advance so that we can prepare for them in the best way possible. We take all notified special diets into account in our catering.<\/em><\/p>\n[\/vc_toggle][vc_toggle title=&#8221;Is alcohol sold in the area?&#8221; css=&#8221;&#8221;]<em>The event area is licensed to sell alcohol. Please note that bringing your own alcoholic beverages into the area is prohibited.<\/em><\/p>\n[\/vc_toggle][vc_toggle title=&#8221;What kind of toilet facilities are there in the area?&#8221; css=&#8221;&#8221;]<em>There are plenty of portable toilets in the area, and they are cleaned several times during the event. Toilet paper never runs out at the VIP event, and there is plenty of water at the hand-washing station for everyone.<\/em><\/p>\n[\/vc_toggle][mk_padding_divider size=&#8221;30&#8243;][vc_column_text css=&#8221;.vc_custom_1740123868355{margin-bottom: 0px !important;}&#8221;]\n<h2>Transport<\/h2>\n[\/vc_column_text][vc_toggle title=&#8221;Can I get to the Teiskonen VIP event only from Jyv\u00e4skyl\u00e4?&#8221; css=&#8221;&#8221;]<em>In addition to Jyv\u00e4skyl\u00e4, we arrange bus transportation to the event venue every year also from Tampere. If you live elsewhere, ask us about our tailored transport service: aki.teiskonen@teiskonen.com<\/em><\/p>\n[\/vc_toggle][vc_toggle title=&#8221;Where do the buses leave from?&#8221; css=&#8221;&#8221;]<em>Jyv\u00e4skyl\u00e4: The buses leave from the Jyv\u00e4skyl\u00e4 Travel Center (Matkakeskus).<\/em><\/p>\n<p><em>Tampere: The buses leave from in front of Sokos Hotel Torni, on Ratapihankatu.<\/em><\/p>\n<p><em>Other departure points according to agreement.<\/em>[\/vc_toggle][vc_toggle title=&#8221;Can I come to the event with my own car?&#8221; css=&#8221;&#8221;]<em>Parking is available near the VIP area for those arriving with their own car. Please let us know in advance if you intend to come by car, so that we can provide you with a parking permit.<\/em><\/p>\n[\/vc_toggle][vc_toggle title=&#8221;Arrival and parking at the bus departure point.&#8221; css=&#8221;&#8221;]<em>The buses leave from the Jyv\u00e4skyl\u00e4 Travel Center (Matkakeskus). You can see the location of the bus departure point <a href=\"https:\/\/goo.gl\/maps\/a4NkQe9eVgozXWncA\">here<\/a>. The P-Matkakeskus and P-Asema V\u00e4in\u00f6nkatu car parks for parking your own car are located nearby.<\/em><\/p>\n[\/vc_toggle][mk_padding_divider size=&#8221;30&#8243;][vc_column_text css=&#8221;.vc_custom_1740124004570{margin-bottom: 0px !important;}&#8221;]\n<h2>Additional services<\/h2>\n[\/vc_column_text][vc_toggle title=&#8221;What is included in the cruise package?&#8221; css=&#8221;&#8221;]<em>The cruise package includes the selected trip, as well as program and snacks on board.\u00a0The fully licensed bar on board the ship serves passengers normally both ways.<\/em><\/p>\n[\/vc_toggle][mk_padding_divider size=&#8221;50&#8243;][\/vc_column][\/vc_row][mk_page_section bg_image=&#8221;https:\/\/www.teiskonen.com\/wp-content\/uploads\/2024\/12\/puutausta.jpg&#8221; bg_position=&#8221;center center&#8221; bg_stretch=&#8221;true&#8221; padding_top=&#8221;50&#8243; padding_bottom=&#8221;50&#8243; sidebar=&#8221;sidebar-1&#8243;][vc_column width=&#8221;1\/2&#8243;][mk_padding_divider size=&#8221;100&#8243; visibility=&#8221;hidden-sm&#8221;]<div class=\"ult-content-box-container \" >\t<a class=\"ult-content-box-anchor\" href=\"\/en\/newsletter\" >\t\t<div class=\"ult-content-box\" style=\"box-shadow: px px px px none;-webkit-transition: all 700ms ease;-moz-transition: all 700ms ease;-ms-transition: all 700ms ease;-o-transition: all 700ms ease;transition: all 700ms ease;\"  data-hover_box_shadow=\"none\"    >[vc_column_text css=&#8221;.vc_custom_1740124064403{margin-bottom: 0px !important;}&#8221;]\n<h5>Secure<br \/>\nyour seat<br \/>\nin the front row \u2013<br \/>\nsubscribe to the newsletter<\/h5>\n<p><img loading=\"lazy\" decoding=\"async\" class=\"alignnone size-full wp-image-92\" src=\"https:\/\/www.teiskonen.com\/wp-content\/uploads\/2024\/12\/arrow-green.png\" alt=\"\" width=\"90\" height=\"50\" \/><\/p>\n[\/vc_column_text]\t\t<\/div>\t<\/a><\/div>[mk_padding_divider size=&#8221;100&#8243; visibility=&#8221;hidden-sm&#8221;][\/vc_column][vc_column width=&#8221;1\/2&#8243;][mk_padding_divider size=&#8221;100&#8243; visibility=&#8221;hidden-sm&#8221;]\n\t\t\t\t<p class=\"rs-p-wp-fix\"><\/p>\n\t\t\t\t<sr7-module data-alias=\"tilaa-uutiskirje\" data-id=\"13\" id=\"SR7_13_2\" class=\"rs-ov-hidden\" data-version=\"6.7.54\">\n\t\t\t\t\t<sr7-adjuster><\/sr7-adjuster>\n\t\t\t\t\t<sr7-content>\n\t\t\t\t\t\t<sr7-slide id=\"SR7_13_2-45\" data-key=\"45\">\n\t\t\t\t\t\t<\/sr7-slide>\n\t\t\t\t\t\t<sr7-slide id=\"SR7_13_2-46\" data-key=\"46\">\n\t\t\t\t\t\t<\/sr7-slide>\n\t\t\t\t\t<\/sr7-content>\n\t\t\t\t\t<image_lists style=\"display:none\">\n\t\t\t\t\t\t<img data-src=\"\/\/www.teiskonen.com\/wp-content\/uploads\/2024\/12\/herkut-01.jpg\" data-libid=\"112\" data-lib=\"medialibrary\" title=\"herkut-01\" width=\"0\" height=\"0\" data-dbsrc=\"Ly93d3cudGVpc2tvbmVuLmNvbS93cC1jb250ZW50L3VwbG9hZHMvMjAyNC8xMi9oZXJrdXQtMDEuanBn\"\/>\n\t\t\t\t\t\t<img data-src=\"\/\/www.teiskonen.com\/wp-content\/uploads\/2024\/12\/yleiso-01.jpg\" data-libid=\"111\" data-lib=\"medialibrary\" title=\"yleiso-01\" width=\"0\" height=\"0\" data-dbsrc=\"Ly93d3cudGVpc2tvbmVuLmNvbS93cC1jb250ZW50L3VwbG9hZHMvMjAyNC8xMi95bGVpc28tMDEuanBn\"\/>\n\t\t\t\t\t<\/image_lists>\n\t\t\t\t<\/sr7-module>\n\t\t\t\t<script>\n\t\t\t\t\twindow.SR7 ??={};SR7.PMH ??={}; SR7.PMH[\"SR7_13_2\"] = {cn:100,state:false,fn: function() { if (window._tpt!==undefined && window._tpt.prepareModuleHeight !== undefined) {  _tpt.prepareModuleHeight({id:\"SR7_13_2\",el:[600,600,768,960,720],type:'hero',shdw:'0',gh:[600,600,,,],gw:[600,600,,,],vpt:['-100px'],size:{fullWidth:false, fullHeight:false},mh:'0',onh:0,onw:0,bg:{color:'{\"orig\":\"transparent\",\"type\":\"solid\",\"string\":\"transparent\"}'}});   SR7.PMH[\"SR7_13_2\"].state=true;} else if(SR7.PMH[\"SR7_13_2\"].cn-->0)\tsetTimeout( SR7.PMH[\"SR7_13_2\"].fn,19);}};SR7.PMH[\"SR7_13_2\" ].fn();\n\t\t\t\t<\/script>\n[\/vc_column][\/mk_page_section]\n<\/div>","protected":false},"excerpt":{"rendered":"<p>[vc_row fullwidth=&#8221;true&#8221;][vc_column][\/vc_column][\/vc_row][vc_row][vc_column][mk_padding_divider size=&#8221;25&#8243; visibility=&#8221;visible-sm&#8221;][vc_column_text css=&#8221;.vc_custom_1738564424033{margin-bottom: 0px !important;}&#8221;] FAQ [\/vc_column_text][vc_column_text css=&#8221;.vc_custom_1740123706248{margin-bottom: 0px !important;}&#8221;] VIP ticket package [\/vc_column_text][vc_toggle title=&#8221;What does the VIP package include?&#8221; css=&#8221;&#8221;]Each Forest VIP package includes a ticket, transport to the special stage, a seat in the bleacher section, food and beverages, Teiskonen.com live stream, and live TV coverage from the rally. There are [&hellip;]<\/p>\n","protected":false},"author":1,"featured_media":0,"parent":0,"menu_order":0,"comment_status":"closed","ping_status":"closed","template":"","meta":{"footnotes":""},"class_list":["post-684","page","type-page","status-publish","hentry"],"yoast_head":"<!-- This site is optimized with the Yoast SEO plugin v27.5 - https:\/\/yoast.com\/product\/yoast-seo-wordpress\/ -->\n<title>FAQ - Teiskonen VIP<\/title>\n<meta name=\"robots\" content=\"index, follow, max-snippet:-1, max-image-preview:large, max-video-preview:-1\" \/>\n<link rel=\"canonical\" href=\"https:\/\/www.teiskonen.com\/en\/faq\/\" \/>\n<meta property=\"og:locale\" content=\"en_US\" \/>\n<meta property=\"og:type\" content=\"article\" \/>\n<meta property=\"og:title\" content=\"FAQ - Teiskonen VIP\" \/>\n<meta property=\"og:description\" content=\"[vc_row fullwidth=&#8221;true&#8221;][vc_column][\/vc_column][\/vc_row][vc_row][vc_column][mk_padding_divider size=&#8221;25&#8243; visibility=&#8221;visible-sm&#8221;][vc_column_text css=&#8221;.vc_custom_1738564424033{margin-bottom: 0px !important;}&#8221;] FAQ [\/vc_column_text][vc_column_text css=&#8221;.vc_custom_1740123706248{margin-bottom: 0px !important;}&#8221;] VIP ticket package [\/vc_column_text][vc_toggle title=&#8221;What does the VIP package include?&#8221; css=&#8221;&#8221;]Each Forest VIP package includes a ticket, transport to the special stage, a seat in the bleacher section, food and beverages, Teiskonen.com live stream, and live TV coverage from the rally. There are [&hellip;]\" \/>\n<meta property=\"og:url\" content=\"https:\/\/www.teiskonen.com\/en\/faq\/\" \/>\n<meta property=\"og:site_name\" content=\"Teiskonen VIP\" \/>\n<meta property=\"article:modified_time\" content=\"2025-02-21T07:48:04+00:00\" \/>\n<meta property=\"og:image\" content=\"https:\/\/www.teiskonen.com\/wp-content\/uploads\/2024\/12\/arrow-green.png\" \/>\n\t<meta property=\"og:image:width\" content=\"100\" \/>\n\t<meta property=\"og:image:height\" content=\"57\" \/>\n\t<meta property=\"og:image:type\" content=\"image\/png\" \/>\n<meta name=\"twitter:card\" content=\"summary_large_image\" \/>\n<meta name=\"twitter:label1\" content=\"Est. reading time\" \/>\n\t<meta name=\"twitter:data1\" content=\"8 minutes\" \/>\n<script type=\"application\/ld+json\" class=\"yoast-schema-graph\">{\"@context\":\"https:\\\/\\\/schema.org\",\"@graph\":[{\"@type\":\"WebPage\",\"@id\":\"https:\\\/\\\/www.teiskonen.com\\\/en\\\/faq\\\/\",\"url\":\"https:\\\/\\\/www.teiskonen.com\\\/en\\\/faq\\\/\",\"name\":\"FAQ - Teiskonen VIP\",\"isPartOf\":{\"@id\":\"https:\\\/\\\/www.teiskonen.com\\\/#website\"},\"primaryImageOfPage\":{\"@id\":\"https:\\\/\\\/www.teiskonen.com\\\/en\\\/faq\\\/#primaryimage\"},\"image\":{\"@id\":\"https:\\\/\\\/www.teiskonen.com\\\/en\\\/faq\\\/#primaryimage\"},\"thumbnailUrl\":\"https:\\\/\\\/www.teiskonen.com\\\/wp-content\\\/uploads\\\/2024\\\/12\\\/arrow-green.png\",\"datePublished\":\"2025-01-27T11:27:55+00:00\",\"dateModified\":\"2025-02-21T07:48:04+00:00\",\"breadcrumb\":{\"@id\":\"https:\\\/\\\/www.teiskonen.com\\\/en\\\/faq\\\/#breadcrumb\"},\"inLanguage\":\"en-US\",\"potentialAction\":[{\"@type\":\"ReadAction\",\"target\":[\"https:\\\/\\\/www.teiskonen.com\\\/en\\\/faq\\\/\"]}]},{\"@type\":\"ImageObject\",\"inLanguage\":\"en-US\",\"@id\":\"https:\\\/\\\/www.teiskonen.com\\\/en\\\/faq\\\/#primaryimage\",\"url\":\"https:\\\/\\\/www.teiskonen.com\\\/wp-content\\\/uploads\\\/2024\\\/12\\\/arrow-green.png\",\"contentUrl\":\"https:\\\/\\\/www.teiskonen.com\\\/wp-content\\\/uploads\\\/2024\\\/12\\\/arrow-green.png\"},{\"@type\":\"BreadcrumbList\",\"@id\":\"https:\\\/\\\/www.teiskonen.com\\\/en\\\/faq\\\/#breadcrumb\",\"itemListElement\":[{\"@type\":\"ListItem\",\"position\":1,\"name\":\"Etusivu\",\"item\":\"https:\\\/\\\/www.teiskonen.com\\\/en\\\/\"},{\"@type\":\"ListItem\",\"position\":2,\"name\":\"FAQ\"}]},{\"@type\":\"WebSite\",\"@id\":\"https:\\\/\\\/www.teiskonen.com\\\/#website\",\"url\":\"https:\\\/\\\/www.teiskonen.com\\\/\",\"name\":\"Teiskonen VIP\",\"description\":\"Maailman paras MM-ralli VIP\",\"potentialAction\":[{\"@type\":\"SearchAction\",\"target\":{\"@type\":\"EntryPoint\",\"urlTemplate\":\"https:\\\/\\\/www.teiskonen.com\\\/?s={search_term_string}\"},\"query-input\":{\"@type\":\"PropertyValueSpecification\",\"valueRequired\":true,\"valueName\":\"search_term_string\"}}],\"inLanguage\":\"en-US\"}]}<\/script>\n<!-- \/ Yoast SEO plugin. -->","yoast_head_json":{"title":"FAQ - Teiskonen VIP","robots":{"index":"index","follow":"follow","max-snippet":"max-snippet:-1","max-image-preview":"max-image-preview:large","max-video-preview":"max-video-preview:-1"},"canonical":"https:\/\/www.teiskonen.com\/en\/faq\/","og_locale":"en_US","og_type":"article","og_title":"FAQ - Teiskonen VIP","og_description":"[vc_row fullwidth=&#8221;true&#8221;][vc_column][\/vc_column][\/vc_row][vc_row][vc_column][mk_padding_divider size=&#8221;25&#8243; visibility=&#8221;visible-sm&#8221;][vc_column_text css=&#8221;.vc_custom_1738564424033{margin-bottom: 0px !important;}&#8221;] FAQ [\/vc_column_text][vc_column_text css=&#8221;.vc_custom_1740123706248{margin-bottom: 0px !important;}&#8221;] VIP ticket package [\/vc_column_text][vc_toggle title=&#8221;What does the VIP package include?&#8221; css=&#8221;&#8221;]Each Forest VIP package includes a ticket, transport to the special stage, a seat in the bleacher section, food and beverages, Teiskonen.com live stream, and live TV coverage from the rally. There are [&hellip;]","og_url":"https:\/\/www.teiskonen.com\/en\/faq\/","og_site_name":"Teiskonen VIP","article_modified_time":"2025-02-21T07:48:04+00:00","og_image":[{"width":100,"height":57,"url":"https:\/\/www.teiskonen.com\/wp-content\/uploads\/2024\/12\/arrow-green.png","type":"image\/png"}],"twitter_card":"summary_large_image","twitter_misc":{"Est. reading time":"8 minutes"},"schema":{"@context":"https:\/\/schema.org","@graph":[{"@type":"WebPage","@id":"https:\/\/www.teiskonen.com\/en\/faq\/","url":"https:\/\/www.teiskonen.com\/en\/faq\/","name":"FAQ - Teiskonen VIP","isPartOf":{"@id":"https:\/\/www.teiskonen.com\/#website"},"primaryImageOfPage":{"@id":"https:\/\/www.teiskonen.com\/en\/faq\/#primaryimage"},"image":{"@id":"https:\/\/www.teiskonen.com\/en\/faq\/#primaryimage"},"thumbnailUrl":"https:\/\/www.teiskonen.com\/wp-content\/uploads\/2024\/12\/arrow-green.png","datePublished":"2025-01-27T11:27:55+00:00","dateModified":"2025-02-21T07:48:04+00:00","breadcrumb":{"@id":"https:\/\/www.teiskonen.com\/en\/faq\/#breadcrumb"},"inLanguage":"en-US","potentialAction":[{"@type":"ReadAction","target":["https:\/\/www.teiskonen.com\/en\/faq\/"]}]},{"@type":"ImageObject","inLanguage":"en-US","@id":"https:\/\/www.teiskonen.com\/en\/faq\/#primaryimage","url":"https:\/\/www.teiskonen.com\/wp-content\/uploads\/2024\/12\/arrow-green.png","contentUrl":"https:\/\/www.teiskonen.com\/wp-content\/uploads\/2024\/12\/arrow-green.png"},{"@type":"BreadcrumbList","@id":"https:\/\/www.teiskonen.com\/en\/faq\/#breadcrumb","itemListElement":[{"@type":"ListItem","position":1,"name":"Etusivu","item":"https:\/\/www.teiskonen.com\/en\/"},{"@type":"ListItem","position":2,"name":"FAQ"}]},{"@type":"WebSite","@id":"https:\/\/www.teiskonen.com\/#website","url":"https:\/\/www.teiskonen.com\/","name":"Teiskonen VIP","description":"Maailman paras MM-ralli VIP","potentialAction":[{"@type":"SearchAction","target":{"@type":"EntryPoint","urlTemplate":"https:\/\/www.teiskonen.com\/?s={search_term_string}"},"query-input":{"@type":"PropertyValueSpecification","valueRequired":true,"valueName":"search_term_string"}}],"inLanguage":"en-US"}]}},"_links":{"self":[{"href":"https:\/\/www.teiskonen.com\/en\/wp-json\/wp\/v2\/pages\/684","targetHints":{"allow":["GET"]}}],"collection":[{"href":"https:\/\/www.teiskonen.com\/en\/wp-json\/wp\/v2\/pages"}],"about":[{"href":"https:\/\/www.teiskonen.com\/en\/wp-json\/wp\/v2\/types\/page"}],"author":[{"embeddable":true,"href":"https:\/\/www.teiskonen.com\/en\/wp-json\/wp\/v2\/users\/1"}],"replies":[{"embeddable":true,"href":"https:\/\/www.teiskonen.com\/en\/wp-json\/wp\/v2\/comments?post=684"}],"version-history":[{"count":3,"href":"https:\/\/www.teiskonen.com\/en\/wp-json\/wp\/v2\/pages\/684\/revisions"}],"predecessor-version":[{"id":688,"href":"https:\/\/www.teiskonen.com\/en\/wp-json\/wp\/v2\/pages\/684\/revisions\/688"}],"wp:attachment":[{"href":"https:\/\/www.teiskonen.com\/en\/wp-json\/wp\/v2\/media?parent=684"}],"curies":[{"name":"wp","href":"https:\/\/api.w.org\/{rel}","templated":true}]}}