{"id":674,"date":"2024-12-10T15:45:24","date_gmt":"2024-12-10T13:45:24","guid":{"rendered":"https:\/\/www.teiskonen.com\/about-us\/podcast\/"},"modified":"2025-02-21T08:45:56","modified_gmt":"2025-02-21T06:45:56","slug":"podcast","status":"publish","type":"page","link":"https:\/\/www.teiskonen.com\/en\/about-us\/podcast\/","title":{"rendered":"Podcast"},"content":{"rendered":"<div class=\"wpb-content-wrapper\">[vc_row fullwidth=&#8221;true&#8221;][vc_column]\n\t\t\t\t<p class=\"rs-p-wp-fix\"><\/p>\n\t\t\t\t<sr7-module data-alias=\"podcast-slider\" data-id=\"16\" id=\"SR7_16_1\" class=\"rs-ov-hidden\" data-version=\"6.7.54\">\n\t\t\t\t\t<sr7-adjuster><\/sr7-adjuster>\n\t\t\t\t\t<sr7-content>\n\t\t\t\t\t\t<sr7-slide id=\"SR7_16_1-51\" data-key=\"51\">\n\t\t\t\t\t\t<\/sr7-slide>\n\t\t\t\t\t\t<sr7-slide id=\"SR7_16_1-52\" data-key=\"52\">\n\t\t\t\t\t\t<\/sr7-slide>\n\t\t\t\t\t<\/sr7-content>\n\t\t\t\t\t<image_lists style=\"display:none\">\n\t\t\t\t\t\t<img data-src=\"\/\/www.teiskonen.com\/wp-content\/uploads\/2025\/01\/podcast_hero1_1200x780.jpg\" data-libid=\"331\" data-lib=\"medialibrary\" title=\"podcast_hero1_1200x780\" width=\"0\" height=\"0\" data-dbsrc=\"Ly93d3cudGVpc2tvbmVuLmNvbS93cC1jb250ZW50L3VwbG9hZHMvMjAyNS8wMS9wb2RjYXN0X2hlcm8xXzEyMDB4NzgwLmpwZw==\"\/>\n\t\t\t\t\t\t<img data-src=\"\/\/www.teiskonen.com\/wp-content\/uploads\/2025\/01\/podcast_hero2_1200x780_kuvat.jpg\" data-libid=\"332\" data-lib=\"medialibrary\" title=\"podcast_hero2_1200x780_kuvat\" width=\"0\" height=\"0\" data-dbsrc=\"Ly93d3cudGVpc2tvbmVuLmNvbS93cC1jb250ZW50L3VwbG9hZHMvMjAyNS8wMS9wb2RjYXN0X2hlcm8yXzEyMDB4NzgwX2t1dmF0LmpwZw==\"\/>\n\t\t\t\t\t<\/image_lists>\n\t\t\t\t<\/sr7-module>\n\t\t\t\t<script>\n\t\t\t\t\twindow.SR7 ??={};SR7.PMH ??={}; SR7.PMH[\"SR7_16_1\"] = {cn:100,state:false,fn: function() { if (window._tpt!==undefined && window._tpt.prepareModuleHeight !== undefined) {  _tpt.prepareModuleHeight({id:\"SR7_16_1\",el:[550,550,550,550,318],type:'standard',shdw:'0',gh:[550,550,550,550,318],gw:[1100,1100,1100,1100,480],vpt:['-100px&#039;,&#039;-100px&#039;,&#039;-100px&#039;,&#039;-100px&#039;,&#039;-100px'],size:{fullWidth:true, fullHeight:false},mh:'0',onh:0,onw:0,bg:{color:'{\"orig\":\"transparent\",\"type\":\"solid\",\"string\":\"transparent\"}'}});   SR7.PMH[\"SR7_16_1\"].state=true;} else if(SR7.PMH[\"SR7_16_1\"].cn-->0)\tsetTimeout( SR7.PMH[\"SR7_16_1\"].fn,19);}};SR7.PMH[\"SR7_16_1\" ].fn();\n\t\t\t\t<\/script>\n[\/vc_column][\/vc_row][vc_row][vc_column][mk_padding_divider size=&#8221;25&#8243; visibility=&#8221;visible-sm&#8221;][vc_column_text css=&#8221;.vc_custom_1740120323847{margin-bottom: 0px !important;}&#8221;]\n<h1>Teiskonen Podcast \u2013 Stories from a VIP Mogul<\/h1>\n<p>Behind-the-scenes stories from the VIP event. Who is Aki Teiskonen, and how did he become the VIP host of the world\u2019s best rally event? NB! The podcasts are in Finnish.[\/vc_column_text][mk_padding_divider size=&#8221;30&#8243;][\/vc_column][\/vc_row][vc_row][vc_column width=&#8221;1\/3&#8243;]<div class=\"ult-content-box-container \" >\t<a class=\"ult-content-box-anchor\" href=\"https:\/\/open.spotify.com\/show\/4n24F2jnjwMyZGZrY4ZPZr?si=57473310b30e4267\" target=\"_blank\" rel=\"noopener\" >\t\t<div class=\"ult-content-box\" style=\"box-shadow: px px px px none;-webkit-transition: all 700ms ease;-moz-transition: all 700ms ease;-ms-transition: all 700ms ease;-o-transition: all 700ms ease;transition: all 700ms ease;\"  data-hover_box_shadow=\"none\"    >[vc_row_inner][vc_column_inner width=&#8221;1\/4&#8243;][vc_column_text css=&#8221;.vc_custom_1737972932004{margin-bottom: 0px !important;}&#8221;]<img loading=\"lazy\" decoding=\"async\" class=\"aligncenter size-full wp-image-351\" src=\"https:\/\/www.teiskonen.com\/wp-content\/uploads\/2025\/01\/spotify-logo.png\" alt=\"\" width=\"35\" height=\"35\" srcset=\"https:\/\/www.teiskonen.com\/wp-content\/uploads\/2025\/01\/spotify-logo.png 70w, https:\/\/www.teiskonen.com\/wp-content\/uploads\/2025\/01\/spotify-logo-1024x1024.png 1024w\" sizes=\"auto, (max-width: 35px) 100vw, 35px\" \/>[\/vc_column_text][\/vc_column_inner][vc_column_inner width=&#8221;3\/4&#8243;][vc_column_text el_class=&#8221;mobile-center&#8221; css=&#8221;.vc_custom_1740120337120{margin-bottom: 0px !important;}&#8221;]\n<p style=\"text-align: left;\"><a class=\"icon-link\" href=\"https:\/\/open.spotify.com\/show\/4n24F2jnjwMyZGZrY4ZPZr?si=0452cc239c8f40e7\" target=\"_blank\" rel=\"noopener\"><strong>Listen to the episodes on Spotify<\/strong><\/a><\/p>\n<p>\u00a0[\/vc_column_text][\/vc_column_inner][\/vc_row_inner]\t\t<\/div>\t<\/a><\/div>[\/vc_column][vc_column width=&#8221;2\/3&#8243;][\/vc_column][\/vc_row][vc_row][vc_column][mk_padding_divider][vc_column_text css=&#8221;.vc_custom_1740120344142{margin-bottom: 0px !important;}&#8221;]\n<h2>Episodes<\/h2>\n<p><a class=\"icon-link\" href=\"https:\/\/open.spotify.com\/episode\/4EVBxLqXMkwowbyZxQUxNC?si=15dc95d20b2d44d3\" target=\"_blank\" rel=\"noopener\">Varmasti yksi t\u00e4m\u00e4n vuoden kovimmista kilpailuista<\/a><\/p>\n<p><a class=\"icon-link\" href=\"https:\/\/open.spotify.com\/episode\/5Q9yS1eJt8HeDiRVLZK01q?si=e53bf8b17de2429d\" target=\"_blank\" rel=\"noopener\">Se ei riit\u00e4 ett\u00e4 minulla on 12 kopteria<\/a><\/p>\n<p><a class=\"icon-link\" href=\"https:\/\/open.spotify.com\/episode\/7MOwEq3gte6fJFj2MDMjLV?si=2902ed64734d4ceb\" target=\"_blank\" rel=\"noopener\">Mik\u00e4 voisi olla pahinta mit\u00e4 meill\u00e4 VIPiss\u00e4 tapahtuu?<\/a><\/p>\n<p><a class=\"icon-link\" href=\"https:\/\/open.spotify.com\/episode\/6OlAUqAMtlbkCcCF7i5HKz?si=bdf8eef554474383\" target=\"_blank\" rel=\"noopener\">Tunnelmia 2023 VIP Teiskonen<\/a><\/p>\n<p><a class=\"icon-link\" href=\"https:\/\/open.spotify.com\/episode\/2nOPKtNT3ponDRI7TpjLcK?si=b895f92556644dcc\" target=\"_blank\" rel=\"noopener\">Mink\u00e4lainen t\u00e4m\u00e4 meid\u00e4n aikuisten huvipuisto onkaan?<\/a><\/p>\n<p><a class=\"icon-link\" href=\"https:\/\/open.spotify.com\/episode\/0n4SPauy87AcgaboSumjyt?si=65188060e0d14859\" target=\"_blank\" rel=\"noopener\">Miten yhdistet\u00e4\u00e4n ralli, seksi ja oma vaimo?<\/a><\/p>\n<p><a class=\"icon-link\" href=\"https:\/\/open.spotify.com\/episode\/3hGmWJDiUQt9L9ugIzgA8O?si=a60e348841654d1d\" target=\"_blank\" rel=\"noopener\">Mit\u00e4 jos aletaan puhumaan maailman parhaasta VIPist\u00e4?<\/a><\/p>\n<p><a class=\"icon-link\" href=\"https:\/\/open.spotify.com\/episode\/4A3GO9upNAFn07IOVcSl9p?si=552c5248cf5b48b9\" target=\"_blank\" rel=\"noopener\">Miksi rallit ovat rakkauteni?<\/a><\/p>\n[\/vc_column_text][mk_padding_divider size=&#8221;30&#8243;][\/vc_column][\/vc_row][mk_page_section bg_image=&#8221;https:\/\/www.teiskonen.com\/wp-content\/uploads\/2024\/12\/puutausta.jpg&#8221; bg_position=&#8221;center center&#8221; bg_stretch=&#8221;true&#8221; padding_top=&#8221;50&#8243; padding_bottom=&#8221;50&#8243; sidebar=&#8221;sidebar-1&#8243;][vc_column width=&#8221;1\/2&#8243;][mk_padding_divider size=&#8221;100&#8243; visibility=&#8221;hidden-sm&#8221;]<div class=\"ult-content-box-container \" >\t<a class=\"ult-content-box-anchor\" href=\"\/uutiskirje\" >\t\t<div class=\"ult-content-box\" style=\"box-shadow: px px px px none;-webkit-transition: all 700ms ease;-moz-transition: all 700ms ease;-ms-transition: all 700ms ease;-o-transition: all 700ms ease;transition: all 700ms ease;\"  data-hover_box_shadow=\"none\"    >[vc_column_text css=&#8221;.vc_custom_1737972514516{margin-bottom: 0px !important;}&#8221;]\n<h5>Varmista<br \/>\npaikkasi<br \/>\neturiviss\u00e4 \u2013<br \/>\ntilaa uutiskirje<\/h5>\n<p><img loading=\"lazy\" decoding=\"async\" class=\"alignnone size-full wp-image-92\" src=\"https:\/\/www.teiskonen.com\/wp-content\/uploads\/2024\/12\/arrow-green.png\" alt=\"\" width=\"90\" height=\"50\" \/><\/p>\n[\/vc_column_text]\t\t<\/div>\t<\/a><\/div>[mk_padding_divider size=&#8221;100&#8243; visibility=&#8221;hidden-sm&#8221;][\/vc_column][vc_column width=&#8221;1\/2&#8243;][mk_padding_divider size=&#8221;100&#8243; visibility=&#8221;hidden-sm&#8221;]\n\t\t\t\t<p class=\"rs-p-wp-fix\"><\/p>\n\t\t\t\t<sr7-module data-alias=\"tilaa-uutiskirje\" data-id=\"13\" id=\"SR7_13_2\" class=\"rs-ov-hidden\" data-version=\"6.7.54\">\n\t\t\t\t\t<sr7-adjuster><\/sr7-adjuster>\n\t\t\t\t\t<sr7-content>\n\t\t\t\t\t\t<sr7-slide id=\"SR7_13_2-45\" data-key=\"45\">\n\t\t\t\t\t\t<\/sr7-slide>\n\t\t\t\t\t\t<sr7-slide id=\"SR7_13_2-46\" data-key=\"46\">\n\t\t\t\t\t\t<\/sr7-slide>\n\t\t\t\t\t<\/sr7-content>\n\t\t\t\t\t<image_lists style=\"display:none\">\n\t\t\t\t\t\t<img data-src=\"\/\/www.teiskonen.com\/wp-content\/uploads\/2024\/12\/herkut-01.jpg\" data-libid=\"112\" data-lib=\"medialibrary\" title=\"herkut-01\" width=\"0\" height=\"0\" data-dbsrc=\"Ly93d3cudGVpc2tvbmVuLmNvbS93cC1jb250ZW50L3VwbG9hZHMvMjAyNC8xMi9oZXJrdXQtMDEuanBn\"\/>\n\t\t\t\t\t\t<img data-src=\"\/\/www.teiskonen.com\/wp-content\/uploads\/2024\/12\/yleiso-01.jpg\" data-libid=\"111\" data-lib=\"medialibrary\" title=\"yleiso-01\" width=\"0\" height=\"0\" data-dbsrc=\"Ly93d3cudGVpc2tvbmVuLmNvbS93cC1jb250ZW50L3VwbG9hZHMvMjAyNC8xMi95bGVpc28tMDEuanBn\"\/>\n\t\t\t\t\t<\/image_lists>\n\t\t\t\t<\/sr7-module>\n\t\t\t\t<script>\n\t\t\t\t\twindow.SR7 ??={};SR7.PMH ??={}; SR7.PMH[\"SR7_13_2\"] = {cn:100,state:false,fn: function() { if (window._tpt!==undefined && window._tpt.prepareModuleHeight !== undefined) {  _tpt.prepareModuleHeight({id:\"SR7_13_2\",el:[600,600,768,960,720],type:'hero',shdw:'0',gh:[600,600,,,],gw:[600,600,,,],vpt:['-100px'],size:{fullWidth:false, fullHeight:false},mh:'0',onh:0,onw:0,bg:{color:'{\"orig\":\"transparent\",\"type\":\"solid\",\"string\":\"transparent\"}'}});   SR7.PMH[\"SR7_13_2\"].state=true;} else if(SR7.PMH[\"SR7_13_2\"].cn-->0)\tsetTimeout( SR7.PMH[\"SR7_13_2\"].fn,19);}};SR7.PMH[\"SR7_13_2\" ].fn();\n\t\t\t\t<\/script>\n[\/vc_column][\/mk_page_section]\n<\/div>","protected":false},"excerpt":{"rendered":"<p>[vc_row fullwidth=&#8221;true&#8221;][vc_column][\/vc_column][\/vc_row][vc_row][vc_column][mk_padding_divider size=&#8221;25&#8243; visibility=&#8221;visible-sm&#8221;][vc_column_text css=&#8221;.vc_custom_1740120323847{margin-bottom: 0px !important;}&#8221;] Teiskonen Podcast \u2013 Stories from a VIP Mogul Behind-the-scenes stories from the VIP event. Who is Aki Teiskonen, and how did he become the VIP host of the world\u2019s best rally event? NB! The podcasts are in Finnish.[\/vc_column_text][mk_padding_divider size=&#8221;30&#8243;][\/vc_column][\/vc_row][vc_row][vc_column width=&#8221;1\/3&#8243;][\/vc_column][vc_column width=&#8221;2\/3&#8243;][\/vc_column][\/vc_row][vc_row][vc_column][mk_padding_divider][vc_column_text css=&#8221;.vc_custom_1740120344142{margin-bottom: 0px !important;}&#8221;] Episodes Varmasti yksi t\u00e4m\u00e4n [&hellip;]<\/p>\n","protected":false},"author":1,"featured_media":0,"parent":671,"menu_order":0,"comment_status":"closed","ping_status":"closed","template":"","meta":{"footnotes":""},"class_list":["post-674","page","type-page","status-publish","hentry"],"yoast_head":"<!-- This site is optimized with the Yoast SEO plugin v27.5 - https:\/\/yoast.com\/product\/yoast-seo-wordpress\/ -->\n<title>Podcast - Teiskonen VIP<\/title>\n<meta name=\"robots\" content=\"index, follow, max-snippet:-1, max-image-preview:large, max-video-preview:-1\" \/>\n<link rel=\"canonical\" href=\"https:\/\/www.teiskonen.com\/en\/about-us\/podcast\/\" \/>\n<meta property=\"og:locale\" content=\"en_US\" \/>\n<meta property=\"og:type\" content=\"article\" \/>\n<meta property=\"og:title\" content=\"Podcast - Teiskonen VIP\" \/>\n<meta property=\"og:description\" content=\"[vc_row fullwidth=&#8221;true&#8221;][vc_column][\/vc_column][\/vc_row][vc_row][vc_column][mk_padding_divider size=&#8221;25&#8243; visibility=&#8221;visible-sm&#8221;][vc_column_text css=&#8221;.vc_custom_1740120323847{margin-bottom: 0px !important;}&#8221;] Teiskonen Podcast \u2013 Stories from a VIP Mogul Behind-the-scenes stories from the VIP event. Who is Aki Teiskonen, and how did he become the VIP host of the world\u2019s best rally event? NB! The podcasts are in Finnish.[\/vc_column_text][mk_padding_divider size=&#8221;30&#8243;][\/vc_column][\/vc_row][vc_row][vc_column width=&#8221;1\/3&#8243;][\/vc_column][vc_column width=&#8221;2\/3&#8243;][\/vc_column][\/vc_row][vc_row][vc_column][mk_padding_divider][vc_column_text css=&#8221;.vc_custom_1740120344142{margin-bottom: 0px !important;}&#8221;] Episodes Varmasti yksi t\u00e4m\u00e4n [&hellip;]\" \/>\n<meta property=\"og:url\" content=\"https:\/\/www.teiskonen.com\/en\/about-us\/podcast\/\" \/>\n<meta property=\"og:site_name\" content=\"Teiskonen VIP\" \/>\n<meta property=\"article:modified_time\" content=\"2025-02-21T06:45:56+00:00\" \/>\n<meta property=\"og:image\" content=\"https:\/\/www.teiskonen.com\/wp-content\/uploads\/2025\/01\/spotify-logo.png\" \/>\n\t<meta property=\"og:image:width\" content=\"70\" \/>\n\t<meta property=\"og:image:height\" content=\"70\" \/>\n\t<meta property=\"og:image:type\" content=\"image\/png\" \/>\n<meta name=\"twitter:card\" content=\"summary_large_image\" \/>\n<meta name=\"twitter:label1\" content=\"Est. reading time\" \/>\n\t<meta name=\"twitter:data1\" content=\"2 minutes\" \/>\n<script type=\"application\/ld+json\" class=\"yoast-schema-graph\">{\"@context\":\"https:\\\/\\\/schema.org\",\"@graph\":[{\"@type\":\"WebPage\",\"@id\":\"https:\\\/\\\/www.teiskonen.com\\\/en\\\/about-us\\\/podcast\\\/\",\"url\":\"https:\\\/\\\/www.teiskonen.com\\\/en\\\/about-us\\\/podcast\\\/\",\"name\":\"Podcast - Teiskonen VIP\",\"isPartOf\":{\"@id\":\"https:\\\/\\\/www.teiskonen.com\\\/#website\"},\"primaryImageOfPage\":{\"@id\":\"https:\\\/\\\/www.teiskonen.com\\\/en\\\/about-us\\\/podcast\\\/#primaryimage\"},\"image\":{\"@id\":\"https:\\\/\\\/www.teiskonen.com\\\/en\\\/about-us\\\/podcast\\\/#primaryimage\"},\"thumbnailUrl\":\"https:\\\/\\\/www.teiskonen.com\\\/wp-content\\\/uploads\\\/2025\\\/01\\\/spotify-logo.png\",\"datePublished\":\"2024-12-10T13:45:24+00:00\",\"dateModified\":\"2025-02-21T06:45:56+00:00\",\"breadcrumb\":{\"@id\":\"https:\\\/\\\/www.teiskonen.com\\\/en\\\/about-us\\\/podcast\\\/#breadcrumb\"},\"inLanguage\":\"en-US\",\"potentialAction\":[{\"@type\":\"ReadAction\",\"target\":[\"https:\\\/\\\/www.teiskonen.com\\\/en\\\/about-us\\\/podcast\\\/\"]}]},{\"@type\":\"ImageObject\",\"inLanguage\":\"en-US\",\"@id\":\"https:\\\/\\\/www.teiskonen.com\\\/en\\\/about-us\\\/podcast\\\/#primaryimage\",\"url\":\"https:\\\/\\\/www.teiskonen.com\\\/wp-content\\\/uploads\\\/2025\\\/01\\\/spotify-logo.png\",\"contentUrl\":\"https:\\\/\\\/www.teiskonen.com\\\/wp-content\\\/uploads\\\/2025\\\/01\\\/spotify-logo.png\"},{\"@type\":\"BreadcrumbList\",\"@id\":\"https:\\\/\\\/www.teiskonen.com\\\/en\\\/about-us\\\/podcast\\\/#breadcrumb\",\"itemListElement\":[{\"@type\":\"ListItem\",\"position\":1,\"name\":\"Etusivu\",\"item\":\"https:\\\/\\\/www.teiskonen.com\\\/en\\\/\"},{\"@type\":\"ListItem\",\"position\":2,\"name\":\"About us\",\"item\":\"https:\\\/\\\/www.teiskonen.com\\\/en\\\/about-us\\\/\"},{\"@type\":\"ListItem\",\"position\":3,\"name\":\"Podcast\"}]},{\"@type\":\"WebSite\",\"@id\":\"https:\\\/\\\/www.teiskonen.com\\\/#website\",\"url\":\"https:\\\/\\\/www.teiskonen.com\\\/\",\"name\":\"Teiskonen VIP\",\"description\":\"Maailman paras MM-ralli VIP\",\"potentialAction\":[{\"@type\":\"SearchAction\",\"target\":{\"@type\":\"EntryPoint\",\"urlTemplate\":\"https:\\\/\\\/www.teiskonen.com\\\/?s={search_term_string}\"},\"query-input\":{\"@type\":\"PropertyValueSpecification\",\"valueRequired\":true,\"valueName\":\"search_term_string\"}}],\"inLanguage\":\"en-US\"}]}<\/script>\n<!-- \/ Yoast SEO plugin. -->","yoast_head_json":{"title":"Podcast - Teiskonen VIP","robots":{"index":"index","follow":"follow","max-snippet":"max-snippet:-1","max-image-preview":"max-image-preview:large","max-video-preview":"max-video-preview:-1"},"canonical":"https:\/\/www.teiskonen.com\/en\/about-us\/podcast\/","og_locale":"en_US","og_type":"article","og_title":"Podcast - Teiskonen VIP","og_description":"[vc_row fullwidth=&#8221;true&#8221;][vc_column][\/vc_column][\/vc_row][vc_row][vc_column][mk_padding_divider size=&#8221;25&#8243; visibility=&#8221;visible-sm&#8221;][vc_column_text css=&#8221;.vc_custom_1740120323847{margin-bottom: 0px !important;}&#8221;] Teiskonen Podcast \u2013 Stories from a VIP Mogul Behind-the-scenes stories from the VIP event. Who is Aki Teiskonen, and how did he become the VIP host of the world\u2019s best rally event? NB! The podcasts are in Finnish.[\/vc_column_text][mk_padding_divider size=&#8221;30&#8243;][\/vc_column][\/vc_row][vc_row][vc_column width=&#8221;1\/3&#8243;][\/vc_column][vc_column width=&#8221;2\/3&#8243;][\/vc_column][\/vc_row][vc_row][vc_column][mk_padding_divider][vc_column_text css=&#8221;.vc_custom_1740120344142{margin-bottom: 0px !important;}&#8221;] Episodes Varmasti yksi t\u00e4m\u00e4n [&hellip;]","og_url":"https:\/\/www.teiskonen.com\/en\/about-us\/podcast\/","og_site_name":"Teiskonen VIP","article_modified_time":"2025-02-21T06:45:56+00:00","og_image":[{"width":70,"height":70,"url":"https:\/\/www.teiskonen.com\/wp-content\/uploads\/2025\/01\/spotify-logo.png","type":"image\/png"}],"twitter_card":"summary_large_image","twitter_misc":{"Est. reading time":"2 minutes"},"schema":{"@context":"https:\/\/schema.org","@graph":[{"@type":"WebPage","@id":"https:\/\/www.teiskonen.com\/en\/about-us\/podcast\/","url":"https:\/\/www.teiskonen.com\/en\/about-us\/podcast\/","name":"Podcast - Teiskonen VIP","isPartOf":{"@id":"https:\/\/www.teiskonen.com\/#website"},"primaryImageOfPage":{"@id":"https:\/\/www.teiskonen.com\/en\/about-us\/podcast\/#primaryimage"},"image":{"@id":"https:\/\/www.teiskonen.com\/en\/about-us\/podcast\/#primaryimage"},"thumbnailUrl":"https:\/\/www.teiskonen.com\/wp-content\/uploads\/2025\/01\/spotify-logo.png","datePublished":"2024-12-10T13:45:24+00:00","dateModified":"2025-02-21T06:45:56+00:00","breadcrumb":{"@id":"https:\/\/www.teiskonen.com\/en\/about-us\/podcast\/#breadcrumb"},"inLanguage":"en-US","potentialAction":[{"@type":"ReadAction","target":["https:\/\/www.teiskonen.com\/en\/about-us\/podcast\/"]}]},{"@type":"ImageObject","inLanguage":"en-US","@id":"https:\/\/www.teiskonen.com\/en\/about-us\/podcast\/#primaryimage","url":"https:\/\/www.teiskonen.com\/wp-content\/uploads\/2025\/01\/spotify-logo.png","contentUrl":"https:\/\/www.teiskonen.com\/wp-content\/uploads\/2025\/01\/spotify-logo.png"},{"@type":"BreadcrumbList","@id":"https:\/\/www.teiskonen.com\/en\/about-us\/podcast\/#breadcrumb","itemListElement":[{"@type":"ListItem","position":1,"name":"Etusivu","item":"https:\/\/www.teiskonen.com\/en\/"},{"@type":"ListItem","position":2,"name":"About us","item":"https:\/\/www.teiskonen.com\/en\/about-us\/"},{"@type":"ListItem","position":3,"name":"Podcast"}]},{"@type":"WebSite","@id":"https:\/\/www.teiskonen.com\/#website","url":"https:\/\/www.teiskonen.com\/","name":"Teiskonen VIP","description":"Maailman paras MM-ralli VIP","potentialAction":[{"@type":"SearchAction","target":{"@type":"EntryPoint","urlTemplate":"https:\/\/www.teiskonen.com\/?s={search_term_string}"},"query-input":{"@type":"PropertyValueSpecification","valueRequired":true,"valueName":"search_term_string"}}],"inLanguage":"en-US"}]}},"_links":{"self":[{"href":"https:\/\/www.teiskonen.com\/en\/wp-json\/wp\/v2\/pages\/674","targetHints":{"allow":["GET"]}}],"collection":[{"href":"https:\/\/www.teiskonen.com\/en\/wp-json\/wp\/v2\/pages"}],"about":[{"href":"https:\/\/www.teiskonen.com\/en\/wp-json\/wp\/v2\/types\/page"}],"author":[{"embeddable":true,"href":"https:\/\/www.teiskonen.com\/en\/wp-json\/wp\/v2\/users\/1"}],"replies":[{"embeddable":true,"href":"https:\/\/www.teiskonen.com\/en\/wp-json\/wp\/v2\/comments?post=674"}],"version-history":[{"count":1,"href":"https:\/\/www.teiskonen.com\/en\/wp-json\/wp\/v2\/pages\/674\/revisions"}],"predecessor-version":[{"id":675,"href":"https:\/\/www.teiskonen.com\/en\/wp-json\/wp\/v2\/pages\/674\/revisions\/675"}],"up":[{"embeddable":true,"href":"https:\/\/www.teiskonen.com\/en\/wp-json\/wp\/v2\/pages\/671"}],"wp:attachment":[{"href":"https:\/\/www.teiskonen.com\/en\/wp-json\/wp\/v2\/media?parent=674"}],"curies":[{"name":"wp","href":"https:\/\/api.w.org\/{rel}","templated":true}]}}